{"id":8908,"date":"2020-12-28T07:44:39","date_gmt":"2020-12-28T10:44:39","guid":{"rendered":"https:\/\/www.escolaomega.com\/aluno\/?page_id=8908"},"modified":"2022-11-29T20:05:59","modified_gmt":"2022-11-29T23:05:59","slug":"ficha-de-inscricao-tecnico-em-saude-bucal","status":"publish","type":"page","link":"https:\/\/www.escolaomega.com\/aluno\/index.php\/ficha-de-inscricao-tecnico-em-saude-bucal\/","title":{"rendered":"Ficha de Inscri\u00e7\u00e3o T\u00e9cnico em Sa\u00fade Bucal"},"content":{"rendered":"\n<h2 class=\"wp-block-heading\">Ficha de Inscri\u00e7\u00e3o T\u00e9cnico em Sa\u00fade Bucal<\/h2>\n\n\n\n<hr class=\"wp-block-separator has-css-opacity\"\/>\n\n\n<div class=\"wpforms-container wpforms-container-full\" id=\"wpforms-11364\"><form id=\"wpforms-form-11364\" class=\"wpforms-validate wpforms-form\" data-formid=\"11364\" method=\"post\" enctype=\"multipart\/form-data\" action=\"\/aluno\/index.php\/wp-json\/wp\/v2\/pages\/8908\" data-token=\"2bfe4c5ffeccc44fd817c272cb281726\" data-token-time=\"1777524098\"><noscript class=\"wpforms-error-noscript\">Ative o JavaScript no seu navegador para preencher este formul\u00e1rio.<\/noscript><div class=\"wpforms-field-container\"><div id=\"wpforms-11364-field_5-container\" class=\"wpforms-field wpforms-field-radio\" data-field-id=\"5\"><label class=\"wpforms-field-label\">Curso <span class=\"wpforms-required-label\">*<\/span><\/label><ul id=\"wpforms-11364-field_5\" class=\"wpforms-field-required\"><li class=\"choice-2 depth-1\"><input type=\"radio\" id=\"wpforms-11364-field_5_2\" name=\"wpforms[fields][5]\" value=\"T\u00e9cnico em Sa\u00fade Bucal\" required ><label class=\"wpforms-field-label-inline\" for=\"wpforms-11364-field_5_2\">T\u00e9cnico em Sa\u00fade Bucal<\/label><\/li><\/ul><\/div><div id=\"wpforms-11364-field_9-container\" class=\"wpforms-field wpforms-field-radio\" data-field-id=\"9\"><label class=\"wpforms-field-label\">Turno <span class=\"wpforms-required-label\">*<\/span><\/label><ul id=\"wpforms-11364-field_9\" class=\"wpforms-field-required\"><li class=\"choice-4 depth-1\"><input type=\"radio\" id=\"wpforms-11364-field_9_4\" name=\"wpforms[fields][9]\" value=\"Noite\" required ><label class=\"wpforms-field-label-inline\" for=\"wpforms-11364-field_9_4\">Noite<\/label><\/li><li class=\"choice-3 depth-1\"><input type=\"radio\" id=\"wpforms-11364-field_9_3\" name=\"wpforms[fields][9]\" value=\"S\u00e1bado\" required ><label class=\"wpforms-field-label-inline\" for=\"wpforms-11364-field_9_3\">S\u00e1bado<\/label><\/li><\/ul><\/div><div id=\"wpforms-11364-field_3-container\" class=\"wpforms-field wpforms-field-text\" data-field-id=\"3\"><label class=\"wpforms-field-label\" for=\"wpforms-11364-field_3\">Nome completo <span class=\"wpforms-required-label\">*<\/span><\/label><input type=\"text\" id=\"wpforms-11364-field_3\" class=\"wpforms-field-medium wpforms-field-required\" name=\"wpforms[fields][3]\" required><\/div><div id=\"wpforms-11364-field_14-container\" class=\"wpforms-field wpforms-field-text\" data-field-id=\"14\"><label class=\"wpforms-field-label\" for=\"wpforms-11364-field_14\">Pai<\/label><input type=\"text\" id=\"wpforms-11364-field_14\" class=\"wpforms-field-medium\" name=\"wpforms[fields][14]\" ><\/div><div id=\"wpforms-11364-field_15-container\" class=\"wpforms-field wpforms-field-text\" data-field-id=\"15\"><label class=\"wpforms-field-label\" for=\"wpforms-11364-field_15\">M\u00e3e <span class=\"wpforms-required-label\">*<\/span><\/label><input type=\"text\" id=\"wpforms-11364-field_15\" class=\"wpforms-field-medium wpforms-field-required\" name=\"wpforms[fields][15]\" required><\/div><div id=\"wpforms-11364-field_20-container\" class=\"wpforms-field wpforms-field-text\" data-field-id=\"20\"><label class=\"wpforms-field-label\" for=\"wpforms-11364-field_20\">Estado Civil <span class=\"wpforms-required-label\">*<\/span><\/label><input type=\"text\" id=\"wpforms-11364-field_20\" class=\"wpforms-field-medium wpforms-field-required\" name=\"wpforms[fields][20]\" required><\/div><div id=\"wpforms-11364-field_4-container\" class=\"wpforms-field wpforms-field-text\" data-field-id=\"4\"><label class=\"wpforms-field-label\" for=\"wpforms-11364-field_4\">CPF (s\u00f3 os n\u00fameros) <span class=\"wpforms-required-label\">*<\/span><\/label><input type=\"text\" id=\"wpforms-11364-field_4\" class=\"wpforms-field-medium wpforms-field-required\" name=\"wpforms[fields][4]\" required><\/div><div id=\"wpforms-11364-field_16-container\" class=\"wpforms-field wpforms-field-text\" data-field-id=\"16\"><label class=\"wpforms-field-label\" for=\"wpforms-11364-field_16\">RG <span class=\"wpforms-required-label\">*<\/span><\/label><input type=\"text\" id=\"wpforms-11364-field_16\" class=\"wpforms-field-medium wpforms-field-required\" name=\"wpforms[fields][16]\" required><\/div><div id=\"wpforms-11364-field_17-container\" class=\"wpforms-field wpforms-field-text\" data-field-id=\"17\"><label class=\"wpforms-field-label\" for=\"wpforms-11364-field_17\">Data de Nascimento <span class=\"wpforms-required-label\">*<\/span><\/label><input type=\"text\" id=\"wpforms-11364-field_17\" class=\"wpforms-field-medium wpforms-field-required\" name=\"wpforms[fields][17]\" required><\/div><div id=\"wpforms-11364-field_21-container\" class=\"wpforms-field wpforms-field-text\" data-field-id=\"21\"><label class=\"wpforms-field-label\" for=\"wpforms-11364-field_21\">Sexo <span class=\"wpforms-required-label\">*<\/span><\/label><input type=\"text\" id=\"wpforms-11364-field_21\" class=\"wpforms-field-medium wpforms-field-required\" name=\"wpforms[fields][21]\" required><\/div><div id=\"wpforms-11364-field_18-container\" class=\"wpforms-field wpforms-field-text\" data-field-id=\"18\"><label class=\"wpforms-field-label\" for=\"wpforms-11364-field_18\">Cidade onde Nasceu (Naturalidade) <span class=\"wpforms-required-label\">*<\/span><\/label><input type=\"text\" id=\"wpforms-11364-field_18\" class=\"wpforms-field-medium wpforms-field-required\" name=\"wpforms[fields][18]\" required><\/div><div id=\"wpforms-11364-field_19-container\" class=\"wpforms-field wpforms-field-text\" data-field-id=\"19\"><label class=\"wpforms-field-label\" for=\"wpforms-11364-field_19\">Estado <span class=\"wpforms-required-label\">*<\/span><\/label><input type=\"text\" id=\"wpforms-11364-field_19\" class=\"wpforms-field-medium wpforms-field-required\" name=\"wpforms[fields][19]\" required><\/div><div id=\"wpforms-11364-field_13-container\" class=\"wpforms-field wpforms-field-text\" data-field-id=\"13\"><label class=\"wpforms-field-label\" for=\"wpforms-11364-field_13\">CEP <span class=\"wpforms-required-label\">*<\/span><\/label><input type=\"text\" id=\"wpforms-11364-field_13\" class=\"wpforms-field-medium wpforms-field-required\" name=\"wpforms[fields][13]\" required><\/div><div id=\"wpforms-11364-field_10-container\" class=\"wpforms-field wpforms-field-text\" data-field-id=\"10\"><label class=\"wpforms-field-label\" for=\"wpforms-11364-field_10\">Endere\u00e7o <span class=\"wpforms-required-label\">*<\/span><\/label><input type=\"text\" id=\"wpforms-11364-field_10\" class=\"wpforms-field-medium wpforms-field-required\" name=\"wpforms[fields][10]\" required><\/div><div id=\"wpforms-11364-field_11-container\" class=\"wpforms-field wpforms-field-text\" data-field-id=\"11\"><label class=\"wpforms-field-label\" for=\"wpforms-11364-field_11\">N\u00famero <span class=\"wpforms-required-label\">*<\/span><\/label><input type=\"text\" id=\"wpforms-11364-field_11\" class=\"wpforms-field-medium wpforms-field-required\" name=\"wpforms[fields][11]\" required><\/div><div id=\"wpforms-11364-field_12-container\" class=\"wpforms-field wpforms-field-text\" data-field-id=\"12\"><label class=\"wpforms-field-label\" for=\"wpforms-11364-field_12\">Complemento<\/label><input type=\"text\" id=\"wpforms-11364-field_12\" class=\"wpforms-field-medium\" name=\"wpforms[fields][12]\" ><\/div><div id=\"wpforms-11364-field_22-container\" class=\"wpforms-field wpforms-field-text\" data-field-id=\"22\"><label class=\"wpforms-field-label\" for=\"wpforms-11364-field_22\">Bairro <span class=\"wpforms-required-label\">*<\/span><\/label><input type=\"text\" id=\"wpforms-11364-field_22\" class=\"wpforms-field-medium wpforms-field-required\" name=\"wpforms[fields][22]\" required><\/div><div id=\"wpforms-11364-field_6-container\" class=\"wpforms-field wpforms-field-text\" data-field-id=\"6\"><label class=\"wpforms-field-label\" for=\"wpforms-11364-field_6\">Telefone <span class=\"wpforms-required-label\">*<\/span><\/label><input type=\"text\" id=\"wpforms-11364-field_6\" class=\"wpforms-field-medium wpforms-field-required\" name=\"wpforms[fields][6]\" required><\/div><div id=\"wpforms-11364-field_7-container\" class=\"wpforms-field wpforms-field-text\" data-field-id=\"7\"><label class=\"wpforms-field-label\" for=\"wpforms-11364-field_7\">Whatsapp<\/label><input type=\"text\" id=\"wpforms-11364-field_7\" class=\"wpforms-field-medium\" name=\"wpforms[fields][7]\" ><\/div><div id=\"wpforms-11364-field_24-container\" class=\"wpforms-field wpforms-field-email\" data-field-id=\"24\"><label class=\"wpforms-field-label\" for=\"wpforms-11364-field_24\">E-mail <span class=\"wpforms-required-label\">*<\/span><\/label><input type=\"email\" id=\"wpforms-11364-field_24\" class=\"wpforms-field-medium wpforms-field-required\" name=\"wpforms[fields][24]\" spellcheck=\"false\" required><\/div><\/div><!-- .wpforms-field-container --><div class=\"wpforms-field wpforms-field-hp\"><label for=\"wpforms-11364-field-hp\" class=\"wpforms-field-label\">Comment<\/label><input type=\"text\" name=\"wpforms[hp]\" id=\"wpforms-11364-field-hp\" class=\"wpforms-field-medium\"><\/div><div class=\"wpforms-submit-container\" ><input type=\"hidden\" name=\"wpforms[id]\" value=\"11364\"><input type=\"hidden\" name=\"page_title\" value=\"\"><input type=\"hidden\" name=\"page_url\" value=\"https:\/\/www.escolaomega.com\/aluno\/index.php\/wp-json\/wp\/v2\/pages\/8908\"><input type=\"hidden\" name=\"url_referer\" value=\"\"><button type=\"submit\" name=\"wpforms[submit]\" id=\"wpforms-submit-11364\" class=\"wpforms-submit\" data-alt-text=\"Enviando...\" data-submit-text=\"Enviar\" aria-live=\"assertive\" value=\"wpforms-submit\">Enviar<\/button><\/div><\/form><\/div>  <!-- .wpforms-container -->\n","protected":false},"excerpt":{"rendered":"<p>Ficha de Inscri\u00e7\u00e3o T\u00e9cnico em Sa\u00fade Bucal<\/p>\n","protected":false},"author":1,"featured_media":0,"parent":0,"menu_order":0,"comment_status":"closed","ping_status":"closed","template":"elementor_header_footer","meta":{"_monsterinsights_skip_tracking":false,"_monsterinsights_sitenote_active":false,"_monsterinsights_sitenote_note":"","_monsterinsights_sitenote_category":0,"footnotes":""},"class_list":["post-8908","page","type-page","status-publish","hentry"],"aioseo_notices":[],"_links":{"self":[{"href":"https:\/\/www.escolaomega.com\/aluno\/index.php\/wp-json\/wp\/v2\/pages\/8908","targetHints":{"allow":["GET"]}}],"collection":[{"href":"https:\/\/www.escolaomega.com\/aluno\/index.php\/wp-json\/wp\/v2\/pages"}],"about":[{"href":"https:\/\/www.escolaomega.com\/aluno\/index.php\/wp-json\/wp\/v2\/types\/page"}],"author":[{"embeddable":true,"href":"https:\/\/www.escolaomega.com\/aluno\/index.php\/wp-json\/wp\/v2\/users\/1"}],"replies":[{"embeddable":true,"href":"https:\/\/www.escolaomega.com\/aluno\/index.php\/wp-json\/wp\/v2\/comments?post=8908"}],"version-history":[{"count":3,"href":"https:\/\/www.escolaomega.com\/aluno\/index.php\/wp-json\/wp\/v2\/pages\/8908\/revisions"}],"predecessor-version":[{"id":11378,"href":"https:\/\/www.escolaomega.com\/aluno\/index.php\/wp-json\/wp\/v2\/pages\/8908\/revisions\/11378"}],"wp:attachment":[{"href":"https:\/\/www.escolaomega.com\/aluno\/index.php\/wp-json\/wp\/v2\/media?parent=8908"}],"curies":[{"name":"wp","href":"https:\/\/api.w.org\/{rel}","templated":true}]}}