{"id":9,"date":"2019-10-13T06:03:27","date_gmt":"2019-10-13T09:03:27","guid":{"rendered":"http:\/\/inovandoemrede.com.br\/mensalidade\/index.php\/minha-conta\/"},"modified":"2020-02-08T08:44:39","modified_gmt":"2020-02-08T10:44:39","slug":"minha-conta","status":"publish","type":"page","link":"https:\/\/www.escolaomega.com\/aluno\/index.php\/minha-conta\/","title":{"rendered":"Minha conta"},"content":{"rendered":"<div class=\"woocommerce\"><\/div>\n\n\n\n<div class=\"wp-block-image\"><figure class=\"aligncenter size-large\"><img loading=\"lazy\" decoding=\"async\" width=\"132\" height=\"133\" src=\"https:\/\/www.escolaomega.com\/aluno\/wp-content\/uploads\/2019\/10\/logoomega.jpg\" alt=\"\" class=\"wp-image-20\" srcset=\"https:\/\/www.escolaomega.com\/aluno\/wp-content\/uploads\/2019\/10\/logoomega.jpg 132w, https:\/\/www.escolaomega.com\/aluno\/wp-content\/uploads\/2019\/10\/logoomega-130x131.jpg 130w, https:\/\/www.escolaomega.com\/aluno\/wp-content\/uploads\/2019\/10\/logoomega-100x100.jpg 100w\" sizes=\"auto, (max-width: 132px) 100vw, 132px\" \/><\/figure><\/div>\n\n\n\n<h2 class=\"has-text-align-center wp-block-heading\"><a href=\"https:\/\/www.escolaomega.com\/aluno\/index.php\/escolha-seu-curso\/\">Fa\u00e7a aqui sua Matr\u00edcula!<\/a><\/h2>\n\n\n\n<p><\/p>\n\n\n\n<hr class=\"wp-block-separator\"\/>\n\n\n\n<p class=\"has-text-align-center has-small-font-size\"><strong>\u00d4MEGA CURSOS &#8211; ACAD\u00caMICO<\/strong><\/p>\n","protected":false},"excerpt":{"rendered":"<p>Fa\u00e7a aqui sua Matr\u00edcula! \u00d4MEGA CURSOS &#8211; ACAD\u00caMICO<\/p>\n","protected":false},"author":1,"featured_media":0,"parent":0,"menu_order":0,"comment_status":"closed","ping_status":"closed","template":"elementor_header_footer","meta":{"_monsterinsights_skip_tracking":false,"_monsterinsights_sitenote_active":false,"_monsterinsights_sitenote_note":"","_monsterinsights_sitenote_category":0,"footnotes":""},"class_list":["post-9","page","type-page","status-publish","hentry"],"aioseo_notices":[],"_links":{"self":[{"href":"https:\/\/www.escolaomega.com\/aluno\/index.php\/wp-json\/wp\/v2\/pages\/9","targetHints":{"allow":["GET"]}}],"collection":[{"href":"https:\/\/www.escolaomega.com\/aluno\/index.php\/wp-json\/wp\/v2\/pages"}],"about":[{"href":"https:\/\/www.escolaomega.com\/aluno\/index.php\/wp-json\/wp\/v2\/types\/page"}],"author":[{"embeddable":true,"href":"https:\/\/www.escolaomega.com\/aluno\/index.php\/wp-json\/wp\/v2\/users\/1"}],"replies":[{"embeddable":true,"href":"https:\/\/www.escolaomega.com\/aluno\/index.php\/wp-json\/wp\/v2\/comments?post=9"}],"version-history":[{"count":5,"href":"https:\/\/www.escolaomega.com\/aluno\/index.php\/wp-json\/wp\/v2\/pages\/9\/revisions"}],"predecessor-version":[{"id":7896,"href":"https:\/\/www.escolaomega.com\/aluno\/index.php\/wp-json\/wp\/v2\/pages\/9\/revisions\/7896"}],"wp:attachment":[{"href":"https:\/\/www.escolaomega.com\/aluno\/index.php\/wp-json\/wp\/v2\/media?parent=9"}],"curies":[{"name":"wp","href":"https:\/\/api.w.org\/{rel}","templated":true}]}}